{"id":5,"date":"2023-09-12T12:08:40","date_gmt":"2023-09-12T10:08:40","guid":{"rendered":"https:\/\/fondationgibran.org\/?page_id=5"},"modified":"2023-09-12T13:44:18","modified_gmt":"2023-09-12T11:44:18","slug":"accueil","status":"publish","type":"page","link":"https:\/\/fondationgibran.org\/","title":{"rendered":"Communiqu\u00e9 de presse du 11\/09\/2023"},"content":{"rendered":"\n\n\t<h3>Soutien aux victimes du s\u00e9isme au Maroc<\/h3>\nLa fondation Gibran tient \u00e0 exprimer ses plus sinc\u00e8res condol\u00e9ances aux familles endeuill\u00e9es \u00e0 la suite de la trag\u00e9die naturelle qui a r\u00e9cemment frapp\u00e9e notre bien-aim\u00e9 pays, le Maroc, sous la forme d&rsquo;un s\u00e9isme d\u00e9vastateur.<br \/>\nNous sommes profond\u00e9ment attrist\u00e9s par cette catastrophe, et dans ces heures sombres, nos pens\u00e9es vont \u00e0 toutes les personnes touch\u00e9es, ainsi qu&rsquo;\u00e0 leurs familles et \u00e0 leurs proches.<br \/>\nEn cette circonstance, la fondation Gibran a d\u00e9cid\u00e9 de lancer un <strong>fonds de dotation Gibran : SOS SEISME MAROC 2023<\/strong> afin de venir en aide \u00e0 toutes les victimes et sinistr\u00e9s.<br \/>\nC&rsquo;est en ce sens que nous appelons l&rsquo;ensemble de nos membres, nos amis et les amis du Maroc \u00e0 contribuer \u00e0 l&rsquo;effort de solidarit\u00e9 en alimentant notre fonds de dotation, dans la mesure de leur volont\u00e9 et de leurs moyens.<br \/>\nCe fonds de dotation nous permettra de regrouper et centraliser l&rsquo;ensemble des aides d&rsquo;une mani\u00e8re organis\u00e9e et transparente.<br \/>\nUne cellule sera cr\u00e9\u00e9e dans un deuxi\u00e8me temps afin de s\u00e9lectionner, orienter et accompagner les diff\u00e9rents projets visant \u00e0 :\n<ul>\n<li>Financer des habitations avant l&rsquo;arriv\u00e9e du froid<\/li>\n<li>Prendre en charge les personnes fragiles<\/li>\n<li>Favoriser la scolarisation des enfants des zones sinistr\u00e9es<\/li>\n<\/ul>\n<p>L&rsquo;enjeu majeur \u00e9tant d&rsquo;inscrire notre action dans la dur\u00e9e avec ciblage des publics les plus d\u00e9munis.<\/p>\n<h4>les coordonn\u00e9es bancaires :<\/h4>\nNom du compte : SOS SEISME MAROC 2023<br \/>\nAdresse du compte : Groupe Caisse des d\u00e9p\u00f4ts DRFIP PACA et Bouches du Rh\u00f4ne<br \/>\n16, rue Borde 13357 Marseille 20<br \/>\nIBAN : FR1640031001300000469193S12<br \/>\nBIC : CDCGFRPPXXX\nContact : 00 33 0749241667<br \/>\nCourriel : sosmaroc@fondationgibran.org\n<h4>\n\t\tPartager sur les r\u00e9seaux sociaux\n\t<\/h4>\n\t\t\t\t\t\t\t\t\t\t<a class=\"uabb-ss-grid-button-link\" href=\"https:\/\/www.facebook.com\/sharer.php?u=https%3A%2F%2Ffondationgibran.org%2F%3Ffl_builder\" target=\"_blank\" onclick=\"window.open(this.href,'social-share','left=20,top=20,width=500,height=500,toolbar=1,resizable=0');return false;\" rel=\"noopener\">\n\t\t\t\t\t\t\t\t\t\t<\/a>\n\t\t\t\t\t\t\t\t\t\t<a class=\"uabb-ss-grid-button-link\" href=\"https:\/\/twitter.com\/share?url=https%3A%2F%2Ffondationgibran.org%2F%3Ffl_builder\" target=\"_blank\" onclick=\"window.open(this.href,'social-share','left=20,top=20,width=500,height=500,toolbar=1,resizable=0');return false;\" rel=\"noopener\">\n\t\t\t\t\t\t\t\t\t\t<\/a>\n\t\t\t\t\t\t\t\t\t\t<a class=\"uabb-ss-grid-button-link\" href=\"https:\/\/www.linkedin.com\/shareArticle?url=https%3A%2F%2Ffondationgibran.org%2F%3Ffl_builder\" target=\"_blank\" onclick=\"window.open(this.href,'social-share','left=20,top=20,width=500,height=500,toolbar=1,resizable=0');return false;\" rel=\"noopener\">\n\t\t\t\t\t\t\t\t\t\t<\/a>\n\t\t\t\t\t\t\t\t\t\t<a class=\"uabb-ss-grid-button-link\" href=\"https:\/\/api.whatsapp.com\/send?text=https%3A%2F%2Ffondationgibran.org%2F%3Ffl_builder\" target=\"_blank\" onclick=\"window.open(this.href,'social-share','left=20,top=20,width=500,height=500,toolbar=1,resizable=0');return false;\" rel=\"noopener\">\n\t\t\t\t\t\t\t\t\t\t<\/a>\n\t\t\t<a href=\"https:\/\/fondationgibran.org\/wp-content\/uploads\/2023\/09\/Communique5-version-finale-V514.pdf\" target=\"_blank\" rel=\"noopener\">\n\t\t\t\t\t\tT\u00e9l\u00e9charger le Communiqu\u00e9\n\t\t\t\t\t<\/a>\n\n","protected":false},"excerpt":{"rendered":"<p>Soutien aux victimes du s\u00e9isme au Maroc La fondation Gibran tient \u00e0 exprimer ses plus sinc\u00e8res condol\u00e9ances aux familles endeuill\u00e9es \u00e0 la suite de la trag\u00e9die naturelle qui a r\u00e9cemment frapp\u00e9e notre bien-aim\u00e9 pays, le Maroc, sous la forme d&rsquo;un s\u00e9isme d\u00e9vastateur. Nous sommes profond\u00e9ment attrist\u00e9s par cette catastrophe, et dans ces heures sombres, nos&hellip;<\/p>\n","protected":false},"author":1,"featured_media":0,"parent":0,"menu_order":0,"comment_status":"closed","ping_status":"closed","template":"","meta":{"footnotes":""},"class_list":["post-5","page","type-page","status-publish","hentry"],"_links":{"self":[{"href":"https:\/\/fondationgibran.org\/index.php\/wp-json\/wp\/v2\/pages\/5","targetHints":{"allow":["GET"]}}],"collection":[{"href":"https:\/\/fondationgibran.org\/index.php\/wp-json\/wp\/v2\/pages"}],"about":[{"href":"https:\/\/fondationgibran.org\/index.php\/wp-json\/wp\/v2\/types\/page"}],"author":[{"embeddable":true,"href":"https:\/\/fondationgibran.org\/index.php\/wp-json\/wp\/v2\/users\/1"}],"replies":[{"embeddable":true,"href":"https:\/\/fondationgibran.org\/index.php\/wp-json\/wp\/v2\/comments?post=5"}],"version-history":[{"count":8,"href":"https:\/\/fondationgibran.org\/index.php\/wp-json\/wp\/v2\/pages\/5\/revisions"}],"predecessor-version":[{"id":37,"href":"https:\/\/fondationgibran.org\/index.php\/wp-json\/wp\/v2\/pages\/5\/revisions\/37"}],"wp:attachment":[{"href":"https:\/\/fondationgibran.org\/index.php\/wp-json\/wp\/v2\/media?parent=5"}],"curies":[{"name":"wp","href":"https:\/\/api.w.org\/{rel}","templated":true}]}}